{"id":3219,"date":"2019-11-29T01:08:02","date_gmt":"2019-11-29T04:08:02","guid":{"rendered":"http:\/\/dicaramella.com.br\/nova-loja\/?post_type=product&#038;p=3219"},"modified":"2024-11-29T10:17:31","modified_gmt":"2024-11-29T13:17:31","slug":"geleia-especial-damasco-com-cenoura-zero","status":"publish","type":"product","link":"https:\/\/dicaramella.com.br\/index.php\/produto\/geleia-especial-damasco-com-cenoura-zero\/","title":{"rendered":"Geleia Especial Damasco com Cenoura ZERO"},"content":{"rendered":"<p>A Geleia Especial de Damasco com Cenoura \u00e9 ado\u00e7ada com stevia, um ado\u00e7ante natural , possui baixa caloria e todos os benef\u00edcios da fruta e da cenoura.<br \/>\nA fruta Damasco \u00e9 fonte de pot\u00e1ssio, ajudando na fun\u00e7\u00e3o muscular, regula\u00e7\u00e3o dos batimentos card\u00edacos, digest\u00e3o saud\u00e1vel e fortifica\u00e7\u00e3o dos ossos. Tanto na op\u00e7\u00e3o seca quanto in natura, o damasco possui alto \u00edndice de fibras, o que auxilia na absor\u00e7\u00e3o de outros nutrientes, e ainda \u00e9 fonte de ferro, prevenindo contra a anemia.<\/p>\n","protected":false},"excerpt":{"rendered":"<p>A Geleia Especial de Damasco com Cenoura \u00e9 ado\u00e7ada com stevia, um ado\u00e7ante natural , possui baixa caloria e todos os benef\u00edcios da fruta e da cenoura. A fruta Damasco \u00e9 fonte de pot\u00e1ssio, ajudando na fun\u00e7\u00e3o muscular, regula\u00e7\u00e3o dos batimentos card\u00edacos, digest\u00e3o saud\u00e1vel e fortifica\u00e7\u00e3o dos ossos. Tanto na op\u00e7\u00e3o seca quanto in natura, [&hellip;]<\/p>\n","protected":false},"featured_media":3215,"template":"","meta":{"jetpack_publicize_message":"","jetpack_is_tweetstorm":false,"jetpack_publicize_feature_enabled":true},"product_cat":[85],"product_tag":[],"class_list":{"0":"post-3219","1":"product","2":"type-product","3":"status-publish","4":"has-post-thumbnail","6":"product_cat-geleias-especiais","8":"first","9":"outofstock","10":"shipping-taxable","11":"purchasable","12":"product-type-simple"},"jetpack_publicize_connections":[],"_links":{"self":[{"href":"https:\/\/dicaramella.com.br\/index.php\/wp-json\/wp\/v2\/product\/3219","targetHints":{"allow":["GET"]}}],"collection":[{"href":"https:\/\/dicaramella.com.br\/index.php\/wp-json\/wp\/v2\/product"}],"about":[{"href":"https:\/\/dicaramella.com.br\/index.php\/wp-json\/wp\/v2\/types\/product"}],"wp:featuredmedia":[{"embeddable":true,"href":"https:\/\/dicaramella.com.br\/index.php\/wp-json\/wp\/v2\/media\/3215"}],"wp:attachment":[{"href":"https:\/\/dicaramella.com.br\/index.php\/wp-json\/wp\/v2\/media?parent=3219"}],"wp:term":[{"taxonomy":"product_cat","embeddable":true,"href":"https:\/\/dicaramella.com.br\/index.php\/wp-json\/wp\/v2\/product_cat?post=3219"},{"taxonomy":"product_tag","embeddable":true,"href":"https:\/\/dicaramella.com.br\/index.php\/wp-json\/wp\/v2\/product_tag?post=3219"}],"curies":[{"name":"wp","href":"https:\/\/api.w.org\/{rel}","templated":true}]}}