{"id":507,"date":"2017-01-10T22:27:32","date_gmt":"2017-01-10T22:27:32","guid":{"rendered":"http:\/\/import.getbowtied.com\/shopkeeper-replica\/?page_id=507"},"modified":"2023-12-26T13:54:58","modified_gmt":"2023-12-26T16:54:58","slug":"seja-um-revendedor","status":"publish","type":"page","link":"https:\/\/dicaramella.com.br\/index.php\/pages\/seja-um-revendedor\/","title":{"rendered":"Seja um Revendedor"},"content":{"rendered":"<p>[vc_row type=&#8221;boxed&#8221; css=&#8221;.vc_custom_1484861726752{margin-top: 125px !important;margin-bottom: 75px !important;}&#8221;][vc_column][vc_column_text]<\/p>\n<h1 style=\"text-align: center;\"><strong>Seja um Revendedor<\/strong><\/h1>\n<p>[\/vc_column_text][\/vc_column][\/vc_row][vc_row full_width=&#8221;stretch_row_content&#8221; content_placement=&#8221;middle&#8221; css_animation=&#8221;fadeIn&#8221; css=&#8221;.vc_custom_1487944977734{margin-bottom: 75px !important;}&#8221;][vc_column width=&#8221;1\/2&#8243; css=&#8221;.vc_custom_1484861842122{padding-top: 40px !important;padding-right: 40px !important;padding-bottom: 40px !important;padding-left: 40px !important;}&#8221;][\/vc_column][vc_column width=&#8221;1\/2&#8243; css=&#8221;.vc_custom_1484861833234{padding-top: 40px !important;padding-right: 40px !important;padding-bottom: 40px !important;padding-left: 40px !important;}&#8221;][\/vc_column][\/vc_row][vc_row type=&#8221;boxed&#8221;][vc_column width=&#8221;1\/2&#8243;][vc_column_text]<\/p>\n<h4>Pensando na sua Empresa<\/h4>\n<p>[\/vc_column_text][vc_column_text css=&#8221;.vc_custom_1573579454865{padding-right: 33% !important;}&#8221;]Temos uma pol\u00edtica especial para voc\u00ea que deseja ser nosso revendedor, entre em contato e veja nossas condi\u00e7\u00f5es.[\/vc_column_text][\/vc_column][vc_column width=&#8221;1\/2&#8243;][vc_column_text]<\/p>\n<h4>Contato\/Endere\u00e7o<\/h4>\n<p>[\/vc_column_text][vc_column_text]<\/p>\n<h5>Aguas da Prata \/ SP<\/h5>\n<p>Rua Cec\u00edlia M. Grings, 95 \u2013 Recanto do Paiol<br \/>\nvendas@dicaramella.com.br<\/p>\n<p class=\"p1\"><span class=\"s1\">(11<\/span><span class=\"s1\">) 91450-6753<\/span><\/p>\n<p>[\/vc_column_text][\/vc_column][\/vc_row]<\/p>\n","protected":false},"excerpt":{"rendered":"<p>[vc_row type=&#8221;boxed&#8221; css=&#8221;.vc_custom_1484861726752{margin-top: 125px !important;margin-bottom: 75px !important;}&#8221;][vc_column][vc_column_text] Seja um Revendedor [\/vc_column_text][\/vc_column][\/vc_row][vc_row full_width=&#8221;stretch_row_content&#8221; content_placement=&#8221;middle&#8221; css_animation=&#8221;fadeIn&#8221; css=&#8221;.vc_custom_1487944977734{margin-bottom: 75px !important;}&#8221;][vc_column width=&#8221;1\/2&#8243; css=&#8221;.vc_custom_1484861842122{padding-top: 40px !important;padding-right: 40px !important;padding-bottom: 40px !important;padding-left: 40px !important;}&#8221;][\/vc_column][vc_column width=&#8221;1\/2&#8243; css=&#8221;.vc_custom_1484861833234{padding-top: 40px !important;padding-right: 40px !important;padding-bottom: 40px !important;padding-left: 40px !important;}&#8221;][\/vc_column][\/vc_row][vc_row type=&#8221;boxed&#8221;][vc_column width=&#8221;1\/2&#8243;][vc_column_text] Pensando na sua Empresa [\/vc_column_text][vc_column_text css=&#8221;.vc_custom_1573579454865{padding-right: 33% !important;}&#8221;]Temos uma pol\u00edtica especial para voc\u00ea que deseja ser [&hellip;]<\/p>\n","protected":false},"author":1,"featured_media":0,"parent":403,"menu_order":0,"comment_status":"closed","ping_status":"closed","template":"page-boxed.php","meta":{"footnotes":""},"class_list":["post-507","page","type-page","status-publish","hentry"],"_links":{"self":[{"href":"https:\/\/dicaramella.com.br\/index.php\/wp-json\/wp\/v2\/pages\/507","targetHints":{"allow":["GET"]}}],"collection":[{"href":"https:\/\/dicaramella.com.br\/index.php\/wp-json\/wp\/v2\/pages"}],"about":[{"href":"https:\/\/dicaramella.com.br\/index.php\/wp-json\/wp\/v2\/types\/page"}],"author":[{"embeddable":true,"href":"https:\/\/dicaramella.com.br\/index.php\/wp-json\/wp\/v2\/users\/1"}],"replies":[{"embeddable":true,"href":"https:\/\/dicaramella.com.br\/index.php\/wp-json\/wp\/v2\/comments?post=507"}],"version-history":[{"count":10,"href":"https:\/\/dicaramella.com.br\/index.php\/wp-json\/wp\/v2\/pages\/507\/revisions"}],"predecessor-version":[{"id":4128,"href":"https:\/\/dicaramella.com.br\/index.php\/wp-json\/wp\/v2\/pages\/507\/revisions\/4128"}],"up":[{"embeddable":true,"href":"https:\/\/dicaramella.com.br\/index.php\/wp-json\/wp\/v2\/pages\/403"}],"wp:attachment":[{"href":"https:\/\/dicaramella.com.br\/index.php\/wp-json\/wp\/v2\/media?parent=507"}],"curies":[{"name":"wp","href":"https:\/\/api.w.org\/{rel}","templated":true}]}}