{"id":439,"date":"2017-01-10T15:18:58","date_gmt":"2017-01-10T15:18:58","guid":{"rendered":"http:\/\/import.getbowtied.com\/shopkeeper-replica\/?page_id=439"},"modified":"2026-03-09T14:15:37","modified_gmt":"2026-03-09T17:15:37","slug":"lookbook-best-selling","status":"publish","type":"page","link":"https:\/\/dicaramella.com.br\/","title":{"rendered":"Home \u2014 Lookbook: Best Selling"},"content":{"rendered":"<p>[vc_row full_width=&#8221;stretch_row_content_no_spaces&#8221; full_height=&#8221;yes&#8221; font_color=&#8221;#ffffff&#8221; css=&#8221;.vc_custom_1771872818035{border-top-width: 20px !important;border-right-width: 20px !important;border-bottom-width: 20px !important;border-left-width: 20px !important;padding-top: 10% !important;padding-bottom: 10% !important;background: #ffffff url(http:\/\/dicaramella.com.br\/wp-content\/uploads\/2026\/02\/dosador_caramelo_degrade_cinza_1200x900_direita.jpg?id=4389) !important;background-position: center !important;background-repeat: no-repeat !important;background-size: cover !important;border-left-color: #ffffff !important;border-left-style: outset !important;border-right-color: #ffffff !important;border-right-style: outset !important;border-top-color: #ffffff !important;border-top-style: outset !important;border-bottom-color: #ffffff !important;border-bottom-style: outset !important;}&#8221; background_style=&#8221;parallax&#8221;][vc_column][vc_column_text]<\/p>\n<h4 style=\"text-align: center;\"><span style=\"color: #000;\"><strong>SUA INDUSTRIA E FRANQUIA PADRONIZADA<\/strong><\/span><\/h4>\n<p>[\/vc_column_text][vc_column_text css=&#8221;.vc_custom_1726170700130{margin-bottom: 25px !important;}&#8221;]<\/p>\n<h1 style=\"text-align: center;\"><span style=\"color: #fa134b;\"><strong><span style=\"font-size: 150%;\">SOB MEDIDA<\/span><\/strong><\/span><\/h1>\n<h4 style=\"text-align: center;\"><span style=\"color: #333399;\"><strong>NOSSA ESPECIALIDADE<\/strong><\/span><\/h4>\n<p>[\/vc_column_text][vc_btn title=&#8221;Conhe\u00e7a&#8221; color=&#8221;black&#8221; align=&#8221;center&#8221; link=&#8221;url:http%3A%2F%2Fdicaramella.com.br%2Findex.php%2Fpages%2Fsob-medida%2F|title:Marshmallow||&#8221;][\/vc_column][\/vc_row][vc_row full_width=&#8221;stretch_row_content_no_spaces&#8221; full_height=&#8221;yes&#8221; columns_placement=&#8221;stretch&#8221; equal_height=&#8221;yes&#8221; content_placement=&#8221;middle&#8221; background_style=&#8221;normal&#8221;][vc_column width=&#8221;1\/2&#8243; css=&#8221;.vc_custom_1773076474191{border-right-width: 20px !important;background-image: url(http:\/\/dicaramella.com.br\/wp-content\/uploads\/2026\/03\/file_00000000657471f5bb371b27a339d64b.png?id=4452) !important;background-position: center !important;background-repeat: no-repeat !important;background-size: cover !important;border-right-color: #ffffff !important;border-right-style: solid !important;}&#8221; el_class=&#8221;large-push-6&#8243;][vc_empty_space height=&#8221;350px&#8221;][\/vc_column][vc_column width=&#8221;1\/2&#8243; css=&#8221;.vc_custom_1509381185928{border-right-width: 20px !important;border-bottom-width: 20px !important;border-left-width: 20px !important;padding-top: 75px !important;padding-right: 7% !important;padding-bottom: 75px !important;padding-left: 7% !important;background-color: #f2efea !important;border-left-color: #ffffff !important;border-left-style: solid !important;border-right-color: #ffffff !important;border-right-style: solid !important;border-bottom-color: #ffffff !important;border-bottom-style: solid !important;}&#8221; el_class=&#8221;large-pull-6&#8243;][vc_column_text]<\/p>\n<h2 style=\"text-align: center;\"><span style=\"color: #59120d;\">Creme de Caramelo LEG\u00cdTIMO<\/span><\/h2>\n<p style=\"text-align: center;\"><span style=\"color: #808080;\">Verdadeiramente Caramelizado, sem corantes e sem aromas. O \u00fanico e verdadeiro creme de caramelo.<br \/>\n&#8211; 4 Op\u00e7\u00f5es: Caramelo Leg\u00edtimo, Caramelo Salgado, Caramelo com Coco e Caramelo com Cacau.<\/span><\/p>\n<p>[\/vc_column_text][vc_single_image image=&#8221;4446&#8243; img_size=&#8221;full&#8221; alignment=&#8221;center&#8221;]<p class=\"product woocommerce add_to_cart_inline \" style=\"border:4px solid #ccc; padding: 12px;\"><a href=\"https:\/\/dicaramella.com.br\/index.php\/produto\/creme-de-caramelo-legitimo-verdadeiro\/\" data-quantity=\"1\" class=\"button product_type_simple\" data-product_id=\"4424\" data-product_sku=\"\" aria-label=\"Read more about &ldquo;Creme de Caramelo Leg\u00edtimo (VERDADEIRO)&rdquo;\" aria-describedby=\"\" rel=\"nofollow\">Read more<\/a><\/p>[\/vc_column][\/vc_row][vc_row full_width=&#8221;stretch_row_content_no_spaces&#8221; full_height=&#8221;yes&#8221; columns_placement=&#8221;stretch&#8221; equal_height=&#8221;yes&#8221; content_placement=&#8221;middle&#8221; background_style=&#8221;normal&#8221;][vc_column width=&#8221;1\/2&#8243; css=&#8221;.vc_custom_1575014382089{border-left-width: 20px !important;background-image: url(http:\/\/dicaramella.com.br\/wp-content\/uploads\/2019\/11\/62ae896b-bolo-mousse-de-maracuja_p_thumb.jpg?id=3028) !important;background-position: center !important;background-repeat: no-repeat !important;background-size: cover !important;border-left-color: #ffffff !important;border-left-style: solid !important;}&#8221;][vc_empty_space height=&#8221;350px&#8221;][\/vc_column][vc_column width=&#8221;1\/2&#8243; css=&#8221;.vc_custom_1574703493385{border-top-width: 20px !important;border-right-width: 20px !important;border-bottom-width: 20px !important;border-left-width: 20px !important;padding-top: 75px !important;padding-right: 7% !important;padding-bottom: 75px !important;padding-left: 7% !important;background-color: #eceae5 !important;border-left-color: #ffffff !important;border-left-style: solid !important;border-right-color: #ffffff !important;border-right-style: solid !important;border-top-color: #ffffff !important;border-top-style: solid !important;border-bottom-color: #ffffff !important;border-bottom-style: solid !important;}&#8221;][vc_column_text]<\/p>\n<h4 style=\"text-align: center;\"><span style=\"color: #4c4b4a;\"><strong><span style=\"font-size: 200%;\">PRATICIDADE<\/span><\/strong><\/span><\/h4>\n<h2 style=\"text-align: center;\"><span style=\"color: #d4be85;\">Recheio &amp; Cobertura<\/span><\/h2>\n<p style=\"text-align: center;\"><span style=\"color: #808080;\">com peda\u00e7os de frutas e sementes<\/span><\/p>\n<p>[\/vc_column_text][vc_single_image image=&#8221;4202&#8243; img_size=&#8221;full&#8221; alignment=&#8221;center&#8221;]<p class=\"product woocommerce add_to_cart_inline \" style=\"border:4px solid #ccc; padding: 12px;\"><span class=\"woocommerce-Price-amount amount\"><bdi><span class=\"woocommerce-Price-currencySymbol\">&#82;&#36;<\/span>170,64<\/bdi><\/span> &ndash; <span class=\"woocommerce-Price-amount amount\"><bdi><span class=\"woocommerce-Price-currencySymbol\">&#82;&#36;<\/span>643,60<\/bdi><\/span><a href=\"https:\/\/dicaramella.com.br\/index.php\/produto\/recheio-e-cobertura-maracuja\/\" data-quantity=\"1\" class=\"button product_type_variable add_to_cart_button\" data-product_id=\"3058\" data-product_sku=\"\" aria-label=\"Select options for &ldquo;Recheio e Cobertura Maracuj\u00e1&rdquo;\" aria-describedby=\"This product has multiple variants. The options may be chosen on the product page\" rel=\"nofollow\">Select options<\/a><\/p>[\/vc_column][\/vc_row][vc_row full_width=&#8221;stretch_row_content_no_spaces&#8221; full_height=&#8221;yes&#8221; columns_placement=&#8221;stretch&#8221; equal_height=&#8221;yes&#8221; content_placement=&#8221;middle&#8221; background_style=&#8221;normal&#8221;][vc_column width=&#8221;1\/2&#8243; css=&#8221;.vc_custom_1575014418317{border-right-width: 20px !important;background-image: url(http:\/\/dicaramella.com.br\/wp-content\/uploads\/2019\/11\/358985-Chocolate-Brownie-With-Chocolate-Syrup.jpeg?id=3018) !important;background-position: center !important;background-repeat: no-repeat !important;background-size: cover !important;border-right-color: #ffffff !important;border-right-style: solid !important;}&#8221; el_class=&#8221;large-push-6&#8243;][vc_empty_space height=&#8221;350px&#8221;][\/vc_column][vc_column width=&#8221;1\/2&#8243; css=&#8221;.vc_custom_1484425033863{border-top-width: 20px !important;border-right-width: 20px !important;border-bottom-width: 20px !important;border-left-width: 20px !important;padding-top: 75px !important;padding-right: 7% !important;padding-bottom: 75px !important;padding-left: 7% !important;background-color: #f2efea !important;border-left-color: #ffffff !important;border-left-style: solid !important;border-right-color: #ffffff !important;border-right-style: solid !important;border-top-color: #ffffff !important;border-top-style: solid !important;border-bottom-color: #ffffff !important;border-bottom-style: solid !important;}&#8221; el_class=&#8221;large-pull-6&#8243;][vc_column_text]<\/p>\n<h3 style=\"text-align: center;\"><span style=\"color: #4c4b4a;\"><strong><span style=\"font-size: 200%;\">Calda Zero<\/span><\/strong><\/span><\/h3>\n<h2 style=\"text-align: center;\"><span style=\"color: #d4be85;\">Confira a linha Especialle<\/span><\/h2>\n<p style=\"text-align: center;\"><span style=\"color: #808080;\">Sem lactose e ainda mais sabor<\/span><\/p>\n<p>[\/vc_column_text][vc_single_image image=&#8221;4233&#8243; img_size=&#8221;full&#8221; alignment=&#8221;center&#8221;]<p class=\"product woocommerce add_to_cart_inline \" style=\"border:4px solid #ccc; padding: 12px;\"><span class=\"woocommerce-Price-amount amount\"><bdi><span class=\"woocommerce-Price-currencySymbol\">&#82;&#36;<\/span>258,44<\/bdi><\/span><a href=\"?add-to-cart=3207\" data-quantity=\"1\" class=\"button product_type_simple add_to_cart_button ajax_add_to_cart\" data-product_id=\"3207\" data-product_sku=\"DC.1.32.8\" aria-label=\"Add to cart: &ldquo;Calda de Chocolate SEM adi\u00e7\u00e3o de A\u00e7\u00facar (Caixa com 4 potes de 1,2kg)&rdquo;\" aria-describedby=\"\" rel=\"nofollow\">Add to cart<\/a><\/p>[\/vc_column][\/vc_row][vc_row full_width=&#8221;stretch_row_content_no_spaces&#8221; full_height=&#8221;yes&#8221; columns_placement=&#8221;stretch&#8221; equal_height=&#8221;yes&#8221; content_placement=&#8221;middle&#8221; background_style=&#8221;normal&#8221;][vc_column width=&#8221;1\/2&#8243; css=&#8221;.vc_custom_1575014439822{border-left-width: 20px !important;background-image: url(http:\/\/dicaramella.com.br\/wp-content\/uploads\/2019\/11\/damasco-home2019.jpg?id=3020) !important;background-position: center !important;background-repeat: no-repeat !important;background-size: cover !important;border-left-color: #ffffff !important;border-left-style: solid !important;}&#8221;][vc_empty_space height=&#8221;350px&#8221;][\/vc_column][vc_column width=&#8221;1\/2&#8243; css=&#8221;.vc_custom_1484425043269{border-top-width: 20px !important;border-right-width: 20px !important;border-left-width: 20px !important;padding-top: 75px !important;padding-right: 7% !important;padding-bottom: 75px !important;padding-left: 7% !important;background-color: #f2efea !important;border-left-color: #ffffff !important;border-left-style: solid !important;border-right-color: #ffffff !important;border-right-style: solid !important;border-top-color: #ffffff !important;border-top-style: solid !important;}&#8221;][vc_column_text]<\/p>\n<h5 style=\"text-align: center;\"><strong><span style=\"color: #4c4b4a; font-size: 300%;\"><span style=\"caret-color: #4c4b4a;\">Especial como voc\u00ea<\/span><\/span><\/strong><\/h5>\n<h2 style=\"text-align: center;\"><span style=\"color: #d4be85;\">Recheio e Cobertura<\/span><\/h2>\n<h3 style=\"text-align: center;\"><span style=\"color: #808080;\">Zero A\u00e7\u00facar\u00a0<\/span><\/h3>\n<p>[\/vc_column_text][vc_single_image image=&#8221;4237&#8243; img_size=&#8221;full&#8221; alignment=&#8221;center&#8221;]<p class=\"product woocommerce add_to_cart_inline \" style=\"border:4px solid #ccc; padding: 12px;\"><span class=\"woocommerce-Price-amount amount\"><bdi><span class=\"woocommerce-Price-currencySymbol\">&#82;&#36;<\/span>284,00<\/bdi><\/span><a href=\"?add-to-cart=3192\" data-quantity=\"1\" class=\"button product_type_simple add_to_cart_button ajax_add_to_cart\" data-product_id=\"3192\" data-product_sku=\"DC.1.32.7\" aria-label=\"Add to cart: &ldquo;Recheio e Cobertura de Damasco SEM adi\u00e7\u00e3o de A\u00e7\u00facar (Caixa com 4 unidades de 1,2kg)&rdquo;\" aria-describedby=\"\" rel=\"nofollow\">Add to cart<\/a><\/p>[\/vc_column][\/vc_row][vc_row full_width=&#8221;stretch_row_content_no_spaces&#8221; full_height=&#8221;yes&#8221; columns_placement=&#8221;stretch&#8221; equal_height=&#8221;yes&#8221; content_placement=&#8221;middle&#8221; background_style=&#8221;normal&#8221;][vc_column width=&#8221;1\/3&#8243; css=&#8221;.vc_custom_1484425071506{border-top-width: 20px !important;border-right-width: 10px !important;border-bottom-width: 20px !important;border-left-width: 20px !important;padding-top: 75px !important;padding-right: 7% !important;padding-bottom: 75px !important;padding-left: 7% !important;background-color: #f2efea !important;border-left-color: #ffffff !important;border-left-style: solid !important;border-right-color: #ffffff !important;border-right-style: solid !important;border-top-color: #ffffff !important;border-top-style: solid !important;border-bottom-color: #ffffff !important;border-bottom-style: solid !important;}&#8221;][vc_column_text]<\/p>\n<h4 style=\"text-align: center;\"><span style=\"color: #4c4b4a;\"><strong><span style=\"font-size: 200%;\">Mais Fruta<\/span><\/strong><\/span><\/h4>\n<h2 style=\"text-align: center;\"><span style=\"color: #be3636;\">Pasta Saborizante<br \/>\n<\/span><\/h2>\n<p style=\"text-align: center;\"><span style=\"color: #808080;\">Concentrada<\/span><\/p>\n<p>[\/vc_column_text][vc_single_image image=&#8221;2921&#8243; img_size=&#8221;full&#8221; alignment=&#8221;center&#8221;]<p class=\"product woocommerce add_to_cart_inline \" style=\"border:4px solid #ccc; padding: 12px;\"><span class=\"woocommerce-Price-amount amount\"><bdi><span class=\"woocommerce-Price-currencySymbol\">&#82;&#36;<\/span>105,36<\/bdi><\/span><a href=\"https:\/\/dicaramella.com.br\/index.php\/produto\/pasta-saborizante-concentrada-de-pistache\/\" data-quantity=\"1\" class=\"button product_type_variable add_to_cart_button\" data-product_id=\"3174\" data-product_sku=\"\" aria-label=\"Select options for &ldquo;Pasta Saborizante Concentrada de Pistache (Display com 8 unidades de 40g)&rdquo;\" aria-describedby=\"This product has multiple variants. The options may be chosen on the product page\" rel=\"nofollow\">Select options<\/a><\/p>[\/vc_column][vc_column width=&#8221;1\/3&#8243; css=&#8221;.vc_custom_1484425066477{border-top-width: 20px !important;border-right-width: 10px !important;border-bottom-width: 20px !important;border-left-width: 10px !important;padding-top: 75px !important;padding-right: 7% !important;padding-bottom: 75px !important;padding-left: 7% !important;background-color: #f2efea !important;border-left-color: #ffffff !important;border-left-style: solid !important;border-right-color: #ffffff !important;border-right-style: solid !important;border-top-color: #ffffff !important;border-top-style: solid !important;border-bottom-color: #ffffff !important;border-bottom-style: solid !important;}&#8221;][vc_column_text]<\/p>\n<h4 style=\"text-align: center;\"><span style=\"color: #4c4b4a;\"><strong><span style=\"font-size: 200%;\">Mais Fruta<\/span><\/strong><\/span><\/h4>\n<h2 style=\"text-align: center;\"><span style=\"color: #be3636;\">Pasta Saborizante<br \/>\n<\/span><\/h2>\n<p style=\"text-align: center;\"><span style=\"color: #808080;\">Concentrada<\/span><\/p>\n<p>[\/vc_column_text][vc_single_image image=&#8221;2922&#8243; img_size=&#8221;full&#8221; alignment=&#8221;center&#8221;]<p class=\"product woocommerce add_to_cart_inline \" style=\"border:4px solid #ccc; padding: 12px;\"><span class=\"woocommerce-Price-amount amount\"><bdi><span class=\"woocommerce-Price-currencySymbol\">&#82;&#36;<\/span>112,08<\/bdi><\/span><a href=\"https:\/\/dicaramella.com.br\/index.php\/produto\/pasta-saborizante-concentrada-de-maracuja\/\" data-quantity=\"1\" class=\"button product_type_variable add_to_cart_button\" data-product_id=\"3165\" data-product_sku=\"\" aria-label=\"Select options for &ldquo;Pasta Saborizante Concentrada de Maracuj\u00e1 (Display com 8 unidades de 40g)&rdquo;\" aria-describedby=\"This product has multiple variants. The options may be chosen on the product page\" rel=\"nofollow\">Select options<\/a><\/p>[\/vc_column][vc_column width=&#8221;1\/3&#8243; css=&#8221;.vc_custom_1484425050389{border-top-width: 20px !important;border-right-width: 20px !important;border-bottom-width: 20px !important;border-left-width: 10px !important;padding-top: 75px !important;padding-right: 7% !important;padding-bottom: 75px !important;padding-left: 7% !important;background-color: #f2efea !important;border-left-color: #ffffff !important;border-left-style: solid !important;border-right-color: #ffffff !important;border-right-style: solid !important;border-top-color: #ffffff !important;border-top-style: solid !important;border-bottom-color: #ffffff !important;border-bottom-style: solid !important;}&#8221;][vc_column_text]<\/p>\n<h4 style=\"text-align: center;\"><span style=\"color: #4c4b4a;\"><strong><span style=\"font-size: 200%;\">Mais Fruta<\/span><\/strong><\/span><\/h4>\n<h2 style=\"text-align: center;\"><span style=\"color: #be3636;\">Pasta Saborizante<br \/>\n<\/span><\/h2>\n<p style=\"text-align: center;\"><span style=\"color: #808080;\">Concentrada<\/span><\/p>\n<p>[\/vc_column_text][vc_single_image image=&#8221;2923&#8243; img_size=&#8221;full&#8221; alignment=&#8221;center&#8221;]<p class=\"product woocommerce add_to_cart_inline \" style=\"border:4px solid #ccc; padding: 12px;\"><span class=\"woocommerce-Price-amount amount\"><bdi><span class=\"woocommerce-Price-currencySymbol\">&#82;&#36;<\/span>123,12<\/bdi><\/span><a href=\"https:\/\/dicaramella.com.br\/index.php\/produto\/pasta-saborizante-concentrada-de-frutas-do-bosque\/\" data-quantity=\"1\" class=\"button product_type_variable add_to_cart_button\" data-product_id=\"3180\" data-product_sku=\"\" aria-label=\"Select options for &ldquo;Pasta Saborizante Concentrada de Frutas do Bosque (Display com 8 unidades de 40g)&rdquo;\" aria-describedby=\"This product has multiple variants. The options may be chosen on the product page\" rel=\"nofollow\">Select options<\/a><\/p>[\/vc_column][\/vc_row][vc_row full_width=&#8221;stretch_row_content_no_spaces&#8221; full_height=&#8221;yes&#8221; columns_placement=&#8221;stretch&#8221; equal_height=&#8221;yes&#8221; content_placement=&#8221;middle&#8221; background_style=&#8221;normal&#8221;][vc_column width=&#8221;1\/2&#8243; css=&#8221;.vc_custom_1575014462689{border-right-width: 20px !important;background-image: url(http:\/\/dicaramella.com.br\/wp-content\/uploads\/2019\/11\/blue-home.jpg?id=3050) !important;background-position: center !important;background-repeat: no-repeat !important;background-size: cover !important;border-right-color: #ffffff !important;border-right-style: solid !important;}&#8221; el_class=&#8221;large-push-6&#8243;][vc_empty_space height=&#8221;350px&#8221;][\/vc_column][vc_column width=&#8221;1\/2&#8243; css=&#8221;.vc_custom_1484425078313{border-right-width: 20px !important;border-bottom-width: 20px !important;border-left-width: 20px !important;padding-top: 75px !important;padding-right: 7% !important;padding-bottom: 75px !important;padding-left: 7% !important;background-color: #f2efea !important;border-left-color: #ffffff !important;border-left-style: solid !important;border-right-color: #ffffff !important;border-right-style: solid !important;border-bottom-color: #ffffff !important;border-bottom-style: solid !important;}&#8221; el_class=&#8221;large-pull-6&#8243;][vc_column_text]<\/p>\n<h3 style=\"text-align: center;\"><span style=\"color: #4c4b4a;\"><strong><span style=\"font-size: 200%;\">Escolha\u00a0<\/span><\/strong><\/span><\/h3>\n<h2 style=\"text-align: center;\"><span style=\"color: #a4b8d0;\">Recheio &amp; Cobertura<\/span><\/h2>\n<p style=\"text-align: center;\"><span style=\"color: #808080;\">com peda\u00e7os de frutas e sementes<\/span><\/p>\n<p>[\/vc_column_text][vc_single_image image=&#8221;4090&#8243; img_size=&#8221;full&#8221; alignment=&#8221;center&#8221;]<p class=\"product woocommerce add_to_cart_inline \" style=\"border:4px solid #ccc; padding: 12px;\"><span class=\"woocommerce-Price-amount amount\"><bdi><span class=\"woocommerce-Price-currencySymbol\">&#82;&#36;<\/span>176,22<\/bdi><\/span> &ndash; <span class=\"woocommerce-Price-amount amount\"><bdi><span class=\"woocommerce-Price-currencySymbol\">&#82;&#36;<\/span>609,76<\/bdi><\/span><a href=\"https:\/\/dicaramella.com.br\/index.php\/produto\/recheio-e-cobertura-blueberry\/\" data-quantity=\"1\" class=\"button product_type_variable add_to_cart_button\" data-product_id=\"3249\" data-product_sku=\"\" aria-label=\"Select options for &ldquo;Recheio e Cobertura Blueberry&rdquo;\" aria-describedby=\"This product has multiple variants. The options may be chosen on the product page\" rel=\"nofollow\">Select options<\/a><\/p>[\/vc_column][\/vc_row][vc_row full_width=&#8221;stretch_row_content_no_spaces&#8221; full_height=&#8221;yes&#8221; columns_placement=&#8221;stretch&#8221; equal_height=&#8221;yes&#8221; content_placement=&#8221;middle&#8221; background_style=&#8221;normal&#8221;][vc_column width=&#8221;1\/2&#8243; css=&#8221;.vc_custom_1575014497543{border-left-width: 20px !important;background-image: url(http:\/\/dicaramella.com.br\/wp-content\/uploads\/2019\/11\/sl_digi_012119053.jpg?id=3024) !important;background-position: center !important;background-repeat: no-repeat !important;background-size: cover !important;border-left-color: #ffffff !important;border-left-style: solid !important;}&#8221;][vc_empty_space height=&#8221;350px&#8221;][\/vc_column][vc_column width=&#8221;1\/2&#8243; css=&#8221;.vc_custom_1574704592877{border-top-width: 20px !important;border-right-width: 20px !important;border-left-width: 20px !important;padding-top: 75px !important;padding-right: 7% !important;padding-bottom: 75px !important;padding-left: 7% !important;background-color: #eceae5 !important;border-left-color: #ffffff !important;border-left-style: solid !important;border-right-color: #ffffff !important;border-right-style: solid !important;border-top-color: #ffffff !important;border-top-style: solid !important;}&#8221;][vc_column_text]<\/p>\n<h5 style=\"text-align: center;\"><span style=\"color: #4c4b4a; font-size: 300%;\">A tradicional<\/span><\/h5>\n<h2 style=\"text-align: center;\"><span style=\"color: #d4be85;\"><span style=\"caret-color: #d4546a;\">\u00a0Cobertura de CHOCOLATE PREMIUM<\/span><\/span><\/h2>\n<p style=\"text-align: center;\">Milk Shakes &amp; Sorvetes<\/p>\n<p>[\/vc_column_text][vc_single_image image=&#8221;4307&#8243; img_size=&#8221;full&#8221; alignment=&#8221;center&#8221;]<p class=\"product woocommerce add_to_cart_inline \" style=\"border:4px solid #ccc; padding: 12px;\"><span class=\"woocommerce-Price-amount amount\"><bdi><span class=\"woocommerce-Price-currencySymbol\">&#82;&#36;<\/span>183,32<\/bdi><\/span> &ndash; <span class=\"woocommerce-Price-amount amount\"><bdi><span class=\"woocommerce-Price-currencySymbol\">&#82;&#36;<\/span>523,28<\/bdi><\/span><a href=\"https:\/\/dicaramella.com.br\/index.php\/produto\/cobertura-topping-chocolate-hot\/\" data-quantity=\"1\" class=\"button product_type_variable add_to_cart_button\" data-product_id=\"3144\" data-product_sku=\"\" aria-label=\"Select options for &ldquo;Cobertura Topping Chocolate HOT&rdquo;\" aria-describedby=\"This product has multiple variants. The options may be chosen on the product page\" rel=\"nofollow\">Select options<\/a><\/p>[\/vc_column][\/vc_row][vc_row full_width=&#8221;stretch_row_content_no_spaces&#8221; full_height=&#8221;yes&#8221; columns_placement=&#8221;stretch&#8221; equal_height=&#8221;yes&#8221; content_placement=&#8221;middle&#8221; background_style=&#8221;normal&#8221; css=&#8221;.vc_custom_1575014523164{border-top-width: 20px !important;border-right-width: 20px !important;border-bottom-width: 20px !important;border-left-width: 20px !important;padding-top: 75px !important;padding-right: 7% !important;padding-bottom: 75px !important;padding-left: 7% !important;background-image: url(http:\/\/dicaramella.com.br\/wp-content\/uploads\/2019\/11\/rodape-home.jpg?id=2945) !important;background-position: center !important;background-repeat: no-repeat !important;background-size: cover !important;border-left-color: #ffffff !important;border-left-style: solid !important;border-right-color: #ffffff !important;border-right-style: solid !important;border-top-color: #ffffff !important;border-top-style: solid !important;border-bottom-color: #ffffff !important;border-bottom-style: solid !important;}&#8221;][vc_column][vc_column_text css=&#8221;.vc_custom_1573445505291{padding-bottom: 500px !important;}&#8221;]<\/p>\n<h2 style=\"text-align: center;\"><\/h2>\n<h2 style=\"text-align: center;\"><span style=\"color: #ffffff;\">Feito com muito amor<\/span><\/h2>\n<p>[\/vc_column_text][\/vc_column][\/vc_row]<\/p>\n","protected":false},"excerpt":{"rendered":"<p>[vc_row full_width=&#8221;stretch_row_content_no_spaces&#8221; full_height=&#8221;yes&#8221; font_color=&#8221;#ffffff&#8221; css=&#8221;.vc_custom_1771872818035{border-top-width: 20px !important;border-right-width: 20px !important;border-bottom-width: 20px !important;border-left-width: 20px !important;padding-top: 10% !important;padding-bottom: 10% !important;background: #ffffff url(http:\/\/dicaramella.com.br\/wp-content\/uploads\/2026\/02\/dosador_caramelo_degrade_cinza_1200x900_direita.jpg?id=4389) !important;background-position: center !important;background-repeat: no-repeat !important;background-size: cover !important;border-left-color: #ffffff !important;border-left-style: outset !important;border-right-color: #ffffff !important;border-right-style: outset !important;border-top-color: #ffffff !important;border-top-style: outset !important;border-bottom-color: #ffffff !important;border-bottom-style: outset !important;}&#8221; background_style=&#8221;parallax&#8221;][vc_column][vc_column_text] SUA INDUSTRIA E FRANQUIA PADRONIZADA [\/vc_column_text][vc_column_text css=&#8221;.vc_custom_1726170700130{margin-bottom: 25px !important;}&#8221;] SOB MEDIDA NOSSA [&hellip;]<\/p>\n","protected":false},"author":1,"featured_media":0,"parent":2850,"menu_order":0,"comment_status":"closed","ping_status":"closed","template":"page-full-width.php","meta":{"footnotes":""},"class_list":["post-439","page","type-page","status-publish","hentry"],"_links":{"self":[{"href":"https:\/\/dicaramella.com.br\/index.php\/wp-json\/wp\/v2\/pages\/439","targetHints":{"allow":["GET"]}}],"collection":[{"href":"https:\/\/dicaramella.com.br\/index.php\/wp-json\/wp\/v2\/pages"}],"about":[{"href":"https:\/\/dicaramella.com.br\/index.php\/wp-json\/wp\/v2\/types\/page"}],"author":[{"embeddable":true,"href":"https:\/\/dicaramella.com.br\/index.php\/wp-json\/wp\/v2\/users\/1"}],"replies":[{"embeddable":true,"href":"https:\/\/dicaramella.com.br\/index.php\/wp-json\/wp\/v2\/comments?post=439"}],"version-history":[{"count":133,"href":"https:\/\/dicaramella.com.br\/index.php\/wp-json\/wp\/v2\/pages\/439\/revisions"}],"predecessor-version":[{"id":4453,"href":"https:\/\/dicaramella.com.br\/index.php\/wp-json\/wp\/v2\/pages\/439\/revisions\/4453"}],"up":[{"embeddable":true,"href":"https:\/\/dicaramella.com.br\/index.php\/wp-json\/wp\/v2\/pages\/2850"}],"wp:attachment":[{"href":"https:\/\/dicaramella.com.br\/index.php\/wp-json\/wp\/v2\/media?parent=439"}],"curies":[{"name":"wp","href":"https:\/\/api.w.org\/{rel}","templated":true}]}}