{"id":4428,"date":"2026-03-03T16:55:07","date_gmt":"2026-03-03T19:55:07","guid":{"rendered":"http:\/\/dicaramella.com.br\/?post_type=product&#038;p=4428"},"modified":"2026-03-11T11:01:18","modified_gmt":"2026-03-11T14:01:18","slug":"creme-de-caramelo-legitimo-com-coco","status":"publish","type":"product","link":"http:\/\/dicaramella.com.br\/index.php\/produto\/creme-de-caramelo-legitimo-com-coco\/","title":{"rendered":"Creme de Caramelo Leg\u00edtimo com COCO"},"content":{"rendered":"<p data-start=\"89\" data-end=\"440\"><strong data-start=\"89\" data-end=\"125\">Linha Creme de Caramelo Leg\u00edtimo<br \/>\n<\/strong><br data-start=\"125\" data-end=\"128\" \/>A linha <strong data-start=\"136\" data-end=\"166\">Creme de Caramelo Leg\u00edtimo<\/strong> foi desenvolvida para entregar a verdadeira experi\u00eancia do caramelo em sua forma mais aut\u00eantica. Produzida com <strong data-start=\"278\" data-end=\"310\">a\u00e7\u00facar e leite caramelizados<\/strong>, sua cor, aroma e sabor s\u00e3o resultado do <strong data-start=\"352\" data-end=\"393\">processo tradicional de carameliza\u00e7\u00e3o<\/strong>, sem adi\u00e7\u00e3o de corantes ou aromas artificiais.<\/p>\n<p data-start=\"442\" data-end=\"707\">Mais do que um produto, \u00e9 uma linha que valoriza a ess\u00eancia do caramelo de verdade: <strong data-start=\"526\" data-end=\"571\">cremoso, macio, leve e com sabor marcante<\/strong>, ideal para quem busca qualidade, autenticidade e sofistica\u00e7\u00e3o em aplica\u00e7\u00f5es na confeitaria, bebidas e diversas cria\u00e7\u00f5es gastron\u00f4micas.<\/p>\n<p data-start=\"709\" data-end=\"822\">A linha \u00e9 composta por <strong data-start=\"732\" data-end=\"758\">4 varia\u00e7\u00f5es exclusivas<\/strong>, pensadas para atender diferentes paladares e propostas de uso:<\/p>\n<p><strong data-start=\"1733\" data-end=\"1772\">Creme de Caramelo Leg\u00edtimo com Coco<\/strong><br data-start=\"1772\" data-end=\"1775\" \/>Elaborado com a base do caramelo leg\u00edtimo e adi\u00e7\u00e3o de <strong data-start=\"1829\" data-end=\"1847\">flocos de coco<\/strong>, proporciona uma experi\u00eancia ainda mais rica ao paladar, agregando textura, leve croc\u00e2ncia e delicadas notas que remetem \u00e0 cocada. Uma combina\u00e7\u00e3o irresist\u00edvel, equilibrada e cheia de sabor.<\/p>\n<p data-start=\"824\" data-end=\"1059\"><strong data-start=\"824\" data-end=\"854\">Creme de Caramelo Leg\u00edtimo<\/strong><br data-start=\"854\" data-end=\"857\" \/>A vers\u00e3o pura e tradicional da linha. Um caramelo aut\u00eantico, com sabor intenso e equilibrado, textura cremosa e uma experi\u00eancia \u00fanica que destaca toda a riqueza do processo tradicional de carameliza\u00e7\u00e3o.<\/p>\n<p data-start=\"1061\" data-end=\"1393\"><strong data-start=\"1061\" data-end=\"1101\">Creme de Caramelo Leg\u00edtimo com Cacau<\/strong><br data-start=\"1101\" data-end=\"1104\" \/>Uma combina\u00e7\u00e3o surpreendente entre o caramelo leg\u00edtimo e o cacau, trazendo notas que remetem \u00e0 \u201craspa de tacho\u201d, ao queimadinho irresist\u00edvel do caramelo artesanal e a um sabor envolvente que lembra um delicioso brigadeiro ao leite. Uma vers\u00e3o sofisticada, marcante e extremamente saborosa.<\/p>\n<p data-start=\"1395\" data-end=\"1731\"><strong data-start=\"1395\" data-end=\"1433\">Creme de Caramelo Leg\u00edtimo Salgado<\/strong><br data-start=\"1433\" data-end=\"1436\" \/>Produzido a partir da base do caramelo leg\u00edtimo com adi\u00e7\u00e3o de <strong data-start=\"1498\" data-end=\"1513\">flor de sal<\/strong>, oferece um contraste perfeito entre o doce e o salgado. \u00c9 uma op\u00e7\u00e3o muito apreciada pelo p\u00fablico, ideal para receitas diferenciadas, sobremesas, bebidas e combina\u00e7\u00f5es criativas que pedem sofistica\u00e7\u00e3o e personalidade.<\/p>\n<p><strong data-start=\"2567\" data-end=\"2593\">Informa\u00e7\u00f5es adicionais<\/strong><br data-start=\"2593\" data-end=\"2596\" \/>Com <strong data-start=\"2600\" data-end=\"2624\">12 meses de validade<\/strong> e <strong data-start=\"2627\" data-end=\"2662\">sem necessidade de refrigera\u00e7\u00e3o<\/strong>, a linha oferece praticidade para armazenamento e aplica\u00e7\u00e3o no dia a dia.<br data-start=\"2736\" data-end=\"2739\" \/>Dispon\u00edvel nas embalagens de <strong data-start=\"2768\" data-end=\"2791\">450g, 1,3kg e 4,7kg<\/strong>, atende desde o uso profissional at\u00e9 diferentes demandas de produ\u00e7\u00e3o.<\/p>\n","protected":false},"excerpt":{"rendered":"<p>Caramelo Leg\u00edtimo com Coco, sabor aut\u00eantico, produzido a partir de a\u00e7\u00facar e leite caramelizados, sem corantes e sem aromas. Textura cremosa, macia e leve, com um sabor marcante com flocos de coco.<br \/>\nUm produto \u00fanico, um sabor inesquec\u00edvel, uma receita tradicional do verdadeiro caramelo.<\/p>\n","protected":false},"featured_media":4457,"template":"","meta":{"jetpack_publicize_message":"","jetpack_is_tweetstorm":false,"jetpack_publicize_feature_enabled":true},"product_cat":[126],"product_tag":[],"class_list":{"0":"post-4428","1":"product","2":"type-product","3":"status-publish","4":"has-post-thumbnail","6":"product_cat-creme-de-caramelo-legitimo","8":"first","9":"instock","10":"shipping-taxable","11":"product-type-variable"},"jetpack_publicize_connections":[],"_links":{"self":[{"href":"http:\/\/dicaramella.com.br\/index.php\/wp-json\/wp\/v2\/product\/4428","targetHints":{"allow":["GET"]}}],"collection":[{"href":"http:\/\/dicaramella.com.br\/index.php\/wp-json\/wp\/v2\/product"}],"about":[{"href":"http:\/\/dicaramella.com.br\/index.php\/wp-json\/wp\/v2\/types\/product"}],"wp:featuredmedia":[{"embeddable":true,"href":"http:\/\/dicaramella.com.br\/index.php\/wp-json\/wp\/v2\/media\/4457"}],"wp:attachment":[{"href":"http:\/\/dicaramella.com.br\/index.php\/wp-json\/wp\/v2\/media?parent=4428"}],"wp:term":[{"taxonomy":"product_cat","embeddable":true,"href":"http:\/\/dicaramella.com.br\/index.php\/wp-json\/wp\/v2\/product_cat?post=4428"},{"taxonomy":"product_tag","embeddable":true,"href":"http:\/\/dicaramella.com.br\/index.php\/wp-json\/wp\/v2\/product_tag?post=4428"}],"curies":[{"name":"wp","href":"https:\/\/api.w.org\/{rel}","templated":true}]}}