{"id":4427,"date":"2026-03-03T16:54:08","date_gmt":"2026-03-03T19:54:08","guid":{"rendered":"http:\/\/dicaramella.com.br\/?post_type=product&#038;p=4427"},"modified":"2026-03-09T14:47:43","modified_gmt":"2026-03-09T17:47:43","slug":"creme-de-caramelo-legitimo-com-cacau","status":"publish","type":"product","link":"http:\/\/dicaramella.com.br\/index.php\/produto\/creme-de-caramelo-legitimo-com-cacau\/","title":{"rendered":"Creme de Caramelo Legitimo com CACAU"},"content":{"rendered":"<p data-start=\"626\" data-end=\"970\"><strong data-start=\"626\" data-end=\"662\">Linha Creme de Caramelo Leg\u00edtimo<br \/>\n<\/strong><br data-start=\"662\" data-end=\"665\" \/>A linha <strong data-start=\"673\" data-end=\"703\">Creme de Caramelo Leg\u00edtimo<\/strong> foi desenvolvida para entregar a verdadeira experi\u00eancia do caramelo em sua forma mais aut\u00eantica. Produzida com <strong data-start=\"815\" data-end=\"847\">a\u00e7\u00facar e leite caramelizados<\/strong>, sua cor e sabor s\u00e3o resultado do <strong data-start=\"882\" data-end=\"923\">processo tradicional de carameliza\u00e7\u00e3o<\/strong>, sem adi\u00e7\u00e3o de corantes ou aromas artificiais.<\/p>\n<p data-start=\"972\" data-end=\"1237\">Mais do que um produto, \u00e9 uma linha que valoriza a ess\u00eancia do caramelo de verdade: <strong data-start=\"1056\" data-end=\"1101\">cremoso, macio, leve e com sabor marcante<\/strong>, ideal para quem busca qualidade, autenticidade e sofistica\u00e7\u00e3o em aplica\u00e7\u00f5es na confeitaria, bebidas e diversas cria\u00e7\u00f5es gastron\u00f4micas.<\/p>\n<p data-start=\"1239\" data-end=\"1352\">A linha \u00e9 composta por <strong data-start=\"1262\" data-end=\"1288\">4 varia\u00e7\u00f5es exclusivas<\/strong>, pensadas para atender diferentes paladares e propostas de uso:<\/p>\n<p data-start=\"1591\" data-end=\"1921\"><strong data-start=\"1591\" data-end=\"1631\">Creme de Caramelo Leg\u00edtimo com Cacau<\/strong><br \/>\nUma combina\u00e7\u00e3o surpreendente entre o caramelo leg\u00edtimo e o cacau, trazendo notas que remetem \u00e0 raspa de tacho, ao queimadinho irresist\u00edvel do caramelo artesanal e a um sabor envolvente que lembra um delicioso brigadeiro ao leite. Uma vers\u00e3o sofisticada, marcante e extremamente saborosa.<\/p>\n<p data-start=\"1354\" data-end=\"1589\"><strong data-start=\"1354\" data-end=\"1384\">Creme de Caramelo Leg\u00edtimo<\/strong><br data-start=\"1384\" data-end=\"1387\" \/>A vers\u00e3o pura e tradicional da linha. Um caramelo aut\u00eantico, com sabor intenso e equilibrado, textura cremosa e uma experi\u00eancia \u00fanica que destaca toda a riqueza do processo tradicional de carameliza\u00e7\u00e3o.<\/p>\n<p data-start=\"1923\" data-end=\"2259\"><strong data-start=\"1923\" data-end=\"1961\">Creme de Caramelo Leg\u00edtimo Salgado<\/strong><br data-start=\"1961\" data-end=\"1964\" \/>Produzido a partir da base do caramelo leg\u00edtimo com adi\u00e7\u00e3o de <strong data-start=\"2026\" data-end=\"2041\">flor de sal<\/strong>, oferece um contraste perfeito entre o doce e o salgado. \u00c9 uma op\u00e7\u00e3o muito apreciada pelo p\u00fablico, ideal para receitas diferenciadas, sobremesas, bebidas e combina\u00e7\u00f5es criativas que pedem sofistica\u00e7\u00e3o e personalidade.<\/p>\n<p data-start=\"2261\" data-end=\"2565\"><strong data-start=\"2261\" data-end=\"2300\">Creme de Caramelo Leg\u00edtimo com Coco<\/strong><br data-start=\"2300\" data-end=\"2303\" \/>Elaborado com a base do caramelo leg\u00edtimo e adi\u00e7\u00e3o de <strong data-start=\"2357\" data-end=\"2375\">flocos de coco<\/strong>, proporciona uma experi\u00eancia ainda mais rica ao paladar, agregando textura, leve croc\u00e2ncia e delicadas notas que remetem \u00e0 cocada. Uma combina\u00e7\u00e3o irresist\u00edvel, equilibrada e cheia de sabor.<\/p>\n<p data-start=\"2567\" data-end=\"2861\"><strong data-start=\"2567\" data-end=\"2593\">Informa\u00e7\u00f5es adicionais<\/strong><br data-start=\"2593\" data-end=\"2596\" \/>Com <strong data-start=\"2600\" data-end=\"2624\">12 meses de validade<\/strong> e <strong data-start=\"2627\" data-end=\"2662\">sem necessidade de refrigera\u00e7\u00e3o<\/strong>, a linha oferece praticidade para armazenamento e aplica\u00e7\u00e3o no dia a dia.<br data-start=\"2736\" data-end=\"2739\" \/>Dispon\u00edvel nas embalagens de <strong data-start=\"2768\" data-end=\"2791\">450g, 1,3kg e 4,7kg<\/strong>, atende desde o uso profissional at\u00e9 diferentes demandas de produ\u00e7\u00e3o.<\/p>\n","protected":false},"excerpt":{"rendered":"<p>Caramelo Leg\u00edtimo com Cacau, sabor aut\u00eantico, produzido a partir de a\u00e7\u00facar e leite caramelizados, sem corantes e sem aromas. Textura cremosa, macia e leve, com um sabor marcante do caramelo com cacau.<br \/>\nUm produto \u00fanico, um sabor inesquec\u00edvel, uma receita tradicional do verdadeiro caramelo.<\/p>\n","protected":false},"featured_media":4455,"template":"","meta":{"jetpack_publicize_message":"","jetpack_is_tweetstorm":false,"jetpack_publicize_feature_enabled":true},"product_cat":[15,126],"product_tag":[],"class_list":{"0":"post-4427","1":"product","2":"type-product","3":"status-publish","4":"has-post-thumbnail","6":"product_cat-sem-categoria","7":"product_cat-creme-de-caramelo-legitimo","9":"first","10":"instock","11":"shipping-taxable","12":"product-type-simple"},"jetpack_publicize_connections":[],"_links":{"self":[{"href":"http:\/\/dicaramella.com.br\/index.php\/wp-json\/wp\/v2\/product\/4427","targetHints":{"allow":["GET"]}}],"collection":[{"href":"http:\/\/dicaramella.com.br\/index.php\/wp-json\/wp\/v2\/product"}],"about":[{"href":"http:\/\/dicaramella.com.br\/index.php\/wp-json\/wp\/v2\/types\/product"}],"wp:featuredmedia":[{"embeddable":true,"href":"http:\/\/dicaramella.com.br\/index.php\/wp-json\/wp\/v2\/media\/4455"}],"wp:attachment":[{"href":"http:\/\/dicaramella.com.br\/index.php\/wp-json\/wp\/v2\/media?parent=4427"}],"wp:term":[{"taxonomy":"product_cat","embeddable":true,"href":"http:\/\/dicaramella.com.br\/index.php\/wp-json\/wp\/v2\/product_cat?post=4427"},{"taxonomy":"product_tag","embeddable":true,"href":"http:\/\/dicaramella.com.br\/index.php\/wp-json\/wp\/v2\/product_tag?post=4427"}],"curies":[{"name":"wp","href":"https:\/\/api.w.org\/{rel}","templated":true}]}}