{"id":3407,"date":"2020-03-02T14:30:29","date_gmt":"2020-03-02T17:30:29","guid":{"rendered":"http:\/\/dicaramella.com.br\/?post_type=product&#038;p=3407"},"modified":"2025-10-10T18:18:25","modified_gmt":"2025-10-10T21:18:25","slug":"pasta-saborizante-concentrada-de-tutti-frutti","status":"publish","type":"product","link":"http:\/\/dicaramella.com.br\/index.php\/produto\/pasta-saborizante-concentrada-de-tutti-frutti\/","title":{"rendered":"Pasta Saborizante Concentrada de Tutti Frutti"},"content":{"rendered":"<p><span style=\"font-weight: 400;\">Pasta Saborizante Concentrada ZERO A\u00c7\u00daCARES, com at\u00e9 80% de frutas e seus peda\u00e7os, ideal para brigadeiro gourmet, marshmallow, massa de <\/span><span style=\"font-weight: 400;\">sorvete artesanal, massas de bolos, iogurte, chantilly e sobremesas. <\/span><span style=\"font-weight: 400;\">Um blister de 40g ser\u00e1 o suficiente para dar todo teor de fruta, cor e sabor para at\u00e9 2kg de produto acabado <\/span><span style=\"font-weight: 400;\">(produto concentrado com alto rendimento).<\/span><\/p>\n<hr \/>\n<p><b>Informa\u00e7\u00f5es T\u00e9cnicas\u00a0<\/b><\/p>\n<p><b>Descri\u00e7\u00e3o: <\/b><span style=\"font-weight: 400;\">Pasta Saborizante.\u00a0<\/span><\/p>\n<p><b>Fun\u00e7\u00e3o: <\/b><span style=\"font-weight: 400;\">Ser ve\u00edculo de sabor e cor para suas receitas.\u00a0<\/span><\/p>\n<p><b>Forma: <\/b><span style=\"font-weight: 400;\">Quando \u201cin natura\u201d, o produto est\u00e1 de forma liquida e com fragmentos de frutas para as pastas frutais, pastoso para os n\u00e3o frutais.\u00a0<\/span><\/p>\n<p><b>Cor: <\/b><span style=\"font-weight: 400;\">Produto com alta concentra\u00e7\u00e3o de cor, as cores s\u00e3o caracter\u00edsticas conforme cada sabor correspondente. <\/span><span style=\"font-weight: 400;\">(ex.: Pasta de Lim\u00e3o = cor verde)\u00a0<\/span><\/p>\n<p><b>Brilho: <\/b><span style=\"font-weight: 400;\">Produto quando \u201cin natura\u201d possui brilho.\u00a0<\/span><\/p>\n<p><b>Rendimento: <\/b><span style=\"font-weight: 400;\">Uma embalagem de 40g da Pasta Saborizante, saboriza e colore em m\u00e9dia de 2kg de produto final.\u00a0<\/span><\/p>\n<hr \/>\n<p><b>Informa\u00e7\u00f5es <\/b><b>Diferenciais: \u2013 <\/b><span style=\"font-weight: 400;\">Produto com frutas concentradas e fragmentos quando frutais, ou extratos naturais quando sabor baunilha. &#8211; Este produto n\u00e3o \u00e9 apenas a soma de aromas e corantes como outras marcas nacionais. &#8211; Muita mais concentrado em compara\u00e7\u00e3o aos produtos Italianos. &#8211; Mais frutas em compara\u00e7\u00e3o as marcas Italianas. <\/span><span style=\"font-weight: 400;\">(Marcas brasileiras n\u00e3o h\u00e1 frutas) <\/span><span style=\"font-weight: 400;\">&#8211; Pre\u00e7os nacionais, ou seja, o melhor CUSTO x BENEFICIO do Brasil e qualidade Premium. <\/span><span style=\"font-weight: 400;\">&#8211; ZERO A\u00c7\u00daCARES <\/span><span style=\"font-weight: 400;\">(n\u00e3o contem nenhum tipo de a\u00e7\u00facar ou ado\u00e7ante)\u00a0<\/span><\/p>\n<p><b>Modo de Preparo: <\/b><span style=\"font-weight: 400;\">\u2013 Para cada receita o ideal \u00e9 aplicar as pastas saborizantes gradativamente devido sua concentra\u00e7\u00e3o, at\u00e9 chegar na cor e sabor ideal para seu paladar. <\/span><span style=\"font-weight: 400;\">&#8211; A indica\u00e7\u00e3o de uso \u00e9 de 2% \u00e0 3% da Pasta Saborizante, ou seja, de 40g \u00e0 60g para cada 2kg <\/span><span style=\"font-weight: 400;\">de produto final.\u00a0<\/span><\/p>\n<p><b>Armazenamento: <\/b><span style=\"font-weight: 400;\">Conservar em local fresco, seco e limpo e ao abrigo da luz solar. Esse produto n\u00e3o precisa ser mantido sob refrigera\u00e7\u00e3o.\u00a0<\/span><\/p>\n<p><b>Embalagem: <\/b><span style=\"font-weight: 400;\">\u2013 Blister de 40g. <\/span><\/p>\n<p><b>Caixa de Embarque: <\/b><span style=\"font-weight: 400;\">\u2013 Display com 8 unidades de 40g em caixa de embarque com 8 displays.\u00a0<\/span><\/p>\n<p><b>Validade do produto fechado: <\/b><span style=\"font-weight: 400;\">18 meses.<\/span><\/p>\n<p><b>Validade Ap\u00f3s Aberto: <\/b><span style=\"font-weight: 400;\">Consumir em at\u00e9 30 dias.\u00a0<\/span><\/p>\n<hr \/>\n<p><b>DADOS ADICIONAIS:\u00a0<\/b><\/p>\n<p><span style=\"font-weight: 400;\">&#8211; Embalagem de 40g ideal para confeitaria devido o seu alto rendimento.\u00a0<\/span><\/p>\n<p><span style=\"font-weight: 400;\">&#8211; Produto altamente concentrado. (<\/span><span style=\"font-weight: 400;\">indica\u00e7\u00e3o: 40g de produto saboriza 2kg de produto acabado)\u00a0<\/span><\/p>\n<p><span style=\"font-weight: 400;\">&#8211; Sabores variados e \u00fanicos no mercado.\u00a0<\/span><\/p>\n<p><span style=\"font-weight: 400;\">&#8211; N\u00e3o \u00e9 apenas corante e aromas como outras marcas, \u00e9 fruta e o sabor natural das mesmas mudam completamente a qualidade dos produtos Di Caramella.\u00a0<\/span><\/p>\n<p><span style=\"font-weight: 400;\">&#8211; Muito utilizado para a prepara\u00e7\u00e3o de Brigadeiro Gourmet.\u00a0<\/span><\/p>\n<p><span style=\"font-weight: 400;\">&#8211; Muito utilizado para saborizar recheios artesanais e chocolates.\u00a0<\/span><\/p>\n<p><span style=\"font-weight: 400;\">&#8211; Muito utilizado para saborizar Marshmallow e Chantilly.\u00a0<\/span><\/p>\n<hr \/>\n<p><b>SABORES:\u00a0<\/b><\/p>\n<p><span style=\"font-weight: 400;\">&#8211; Morango &#8211; Maracuj\u00e1 &#8211; Baunilha &#8211; Pistache &#8211; Frutas do Bosque <\/span><span style=\"font-weight: 400;\">(morango, amora, framboesa e bluyberry) <\/span><span style=\"font-weight: 400;\">&#8211; Blueberry &#8211; Lim\u00e3o Siciliano <\/span><span style=\"font-weight: 400;\">&#8211; Uva <\/span><span style=\"font-weight: 400;\">&#8211; Tutti Frutti <\/span><span style=\"font-weight: 400;\">(morango, abacaxi e banana) <\/span><span style=\"font-weight: 400;\">&#8211; Melancia &#8211; Laranja &#8211; Avel\u00e3.\u00a0<\/span><\/p>\n<hr \/>\n<p><b>DUVIDAS ENTRE EM CONTATO:\u00a0<\/b><\/p>\n<p><b>E-mail<\/b><span style=\"font-weight: 400;\">: vendas@dicaramella.com.br <\/span><\/p>\n<p>&nbsp;<\/p>\n","protected":false},"excerpt":{"rendered":"<ul>\n<li>Composi\u00e7\u00e3o das Frutas: morango, abacaxi e banana.<\/li>\n<li>Produto \u00e0 base de Fruta Concentrada.<\/li>\n<li>Zero A\u00e7\u00facares. <em>(nao contem nenhum tipo de a\u00e7\u00facar)<\/em><\/li>\n<li>Com pedacinhos de frutas de verdade.<\/li>\n<li>Muito concentrado, um blister saboriza em m\u00e9dia 2kg de produto final.<\/li>\n<li>Perfeito para Brigadeiro Gourmet, Massas de Bolos e Prepara\u00e7\u00f5es de Recheios Artesanais<em>(este produto n\u00e3o \u00e9 apenas ess\u00eancia e corante, o mesmo possui frutas e essa caracter\u00edstica deixa o sabor perfeito em suas aplica\u00e7\u00f5es)<\/em><\/li>\n<\/ul>\n","protected":false},"featured_media":3409,"template":"","meta":{"jetpack_publicize_message":"","jetpack_is_tweetstorm":false,"jetpack_publicize_feature_enabled":true},"product_cat":[77],"product_tag":[],"class_list":{"0":"post-3407","1":"product","2":"type-product","3":"status-publish","4":"has-post-thumbnail","6":"product_cat-pasta-saborizante-40g-zero-acucar","8":"first","9":"outofstock","10":"shipping-taxable","11":"purchasable","12":"product-type-variable"},"jetpack_publicize_connections":[],"_links":{"self":[{"href":"http:\/\/dicaramella.com.br\/index.php\/wp-json\/wp\/v2\/product\/3407","targetHints":{"allow":["GET"]}}],"collection":[{"href":"http:\/\/dicaramella.com.br\/index.php\/wp-json\/wp\/v2\/product"}],"about":[{"href":"http:\/\/dicaramella.com.br\/index.php\/wp-json\/wp\/v2\/types\/product"}],"wp:featuredmedia":[{"embeddable":true,"href":"http:\/\/dicaramella.com.br\/index.php\/wp-json\/wp\/v2\/media\/3409"}],"wp:attachment":[{"href":"http:\/\/dicaramella.com.br\/index.php\/wp-json\/wp\/v2\/media?parent=3407"}],"wp:term":[{"taxonomy":"product_cat","embeddable":true,"href":"http:\/\/dicaramella.com.br\/index.php\/wp-json\/wp\/v2\/product_cat?post=3407"},{"taxonomy":"product_tag","embeddable":true,"href":"http:\/\/dicaramella.com.br\/index.php\/wp-json\/wp\/v2\/product_tag?post=3407"}],"curies":[{"name":"wp","href":"https:\/\/api.w.org\/{rel}","templated":true}]}}