{"id":3207,"date":"2019-11-29T00:07:17","date_gmt":"2019-11-29T03:07:17","guid":{"rendered":"http:\/\/dicaramella.com.br\/nova-loja\/?post_type=product&#038;p=3207"},"modified":"2025-10-08T11:05:45","modified_gmt":"2025-10-08T14:05:45","slug":"calda-de-chocolate-sd-sem-adicao-de-acucar","status":"publish","type":"product","link":"http:\/\/dicaramella.com.br\/index.php\/produto\/calda-de-chocolate-sd-sem-adicao-de-acucar\/","title":{"rendered":"Calda de Chocolate SEM adi\u00e7\u00e3o de A\u00e7\u00facar (Caixa com 4 potes de 1,2kg)"},"content":{"rendered":"<p>Calda de Chocolate sem adi\u00e7\u00e3o de a\u00e7\u00facar cristal, com cacau 100%.<br \/>\nProduto cremoso \/ encorpado.<br \/>\nIdeal para o seu bolo, milk-shake, tortas, sorvetes e sobremesas em geral.<br \/>\n<strong>Sem lactose<\/strong> e com <strong>baixa caloria<\/strong>.<\/p>\n<p>\u00d3timo para aquelas receitinhas saud\u00e1veis.<br \/>\nPerfeito para cobrir seu sorvete e no preparo daquele SHAKE.<\/p>\n<p><strong>Embalagens dispon\u00edveis:<\/strong><br \/>\n&#8211; Garrafa contendo 1,2kg<br \/>\n&#8211; Balde contendo 4,2kg (pedidos sob encomenda &#8211; entre em contato)<\/p>\n<p>Selecione a embalagem que mais se adequa \u00e0 sua necessidade e boas compras!<br \/>\nTamb\u00e9m temos alguns pontos de vendas espalhados por todo Brasil, entre em contato e saiba onde encontrar Di Caramella em sua cidade.<\/p>\n<p>E-MAIL DE CONTATO: vendas@dicaramella.com.br<\/p>\n<p>&nbsp;<\/p>\n","protected":false},"excerpt":{"rendered":"<p>\u00d3timo para aquelas receitinhas saud\u00e1veis.<br \/>\nPerfeito para cobrir seu sorvete e no preparo daquele SHAKE.<\/p>\n<p><strong>Sem lactose<\/strong> e com <strong>baixa caloria<\/strong>. <em>(35kcal &#8211; em uma por\u00e7\u00e3o de 20g ou duas colheres de sopa)<\/em><\/p>\n<p><span style=\"font-size: 9pt;\"><strong>EMBALAGEM:<\/strong> POTE DE 1,2KG<\/span><\/p>\n<ul>\n<li><span style=\"font-size: 9pt;\">PRODUTO <strong>PREMIUM <\/strong><\/span><span style=\"font-size: 9pt;\">COM CACAU 100%, <strong>ZERO A\u00c7\u00daCAR e BAIXA CALORIA<\/strong><\/span><\/li>\n<li><span style=\"font-size: 9pt;\">PERFEITO PARA SORVETERIA e SOBREMESAS ZERO A\u00c7\u00daCAR;<\/span><\/li>\n<li><span style=\"font-size: 9pt;\">\u00d3TIMO PARA MILK SHAKE;<\/span><\/li>\n<li><span style=\"font-size: 9pt;\">SUAS SOBREMESAS NAO SER\u00c3O MAIS AS MESMAS DEPOIS DE UTILIZAR OS PRODUTOS DI CARAMELLA.<\/span><\/li>\n<li><span style=\"font-size: 9pt;\">TEM D\u00daVIDAS DO PRODUTO? LEIA A DESCRI\u00c7\u00c3O ABAIXO E CONHE\u00c7A MAIS SOBRE ESSA LINHA PREMIUM DA DI CARAMELLA<\/span><\/li>\n<\/ul>\n","protected":false},"featured_media":4233,"template":"","meta":{"jetpack_publicize_message":"","jetpack_is_tweetstorm":false,"jetpack_publicize_feature_enabled":true},"product_cat":[76],"product_tag":[],"class_list":{"0":"post-3207","1":"product","2":"type-product","3":"status-publish","4":"has-post-thumbnail","6":"product_cat-calda-e-cobertura-sobremesas-e-shakes","8":"first","9":"instock","10":"shipping-taxable","11":"purchasable","12":"product-type-simple"},"jetpack_publicize_connections":[],"_links":{"self":[{"href":"http:\/\/dicaramella.com.br\/index.php\/wp-json\/wp\/v2\/product\/3207","targetHints":{"allow":["GET"]}}],"collection":[{"href":"http:\/\/dicaramella.com.br\/index.php\/wp-json\/wp\/v2\/product"}],"about":[{"href":"http:\/\/dicaramella.com.br\/index.php\/wp-json\/wp\/v2\/types\/product"}],"wp:featuredmedia":[{"embeddable":true,"href":"http:\/\/dicaramella.com.br\/index.php\/wp-json\/wp\/v2\/media\/4233"}],"wp:attachment":[{"href":"http:\/\/dicaramella.com.br\/index.php\/wp-json\/wp\/v2\/media?parent=3207"}],"wp:term":[{"taxonomy":"product_cat","embeddable":true,"href":"http:\/\/dicaramella.com.br\/index.php\/wp-json\/wp\/v2\/product_cat?post=3207"},{"taxonomy":"product_tag","embeddable":true,"href":"http:\/\/dicaramella.com.br\/index.php\/wp-json\/wp\/v2\/product_tag?post=3207"}],"curies":[{"name":"wp","href":"https:\/\/api.w.org\/{rel}","templated":true}]}}