{"id":3144,"date":"2019-11-28T11:59:36","date_gmt":"2019-11-28T14:59:36","guid":{"rendered":"http:\/\/dicaramella.com.br\/nova-loja\/?post_type=product&#038;p=3144"},"modified":"2025-10-10T17:34:43","modified_gmt":"2025-10-10T20:34:43","slug":"cobertura-topping-chocolate-hot","status":"publish","type":"product","link":"http:\/\/dicaramella.com.br\/index.php\/produto\/cobertura-topping-chocolate-hot\/","title":{"rendered":"Cobertura Topping Chocolate HOT"},"content":{"rendered":"<p>ESSA COBERTURA DE CHOCOLATE \u00c9 UM SONHO! COM MUITO SABOR DE CHOCOLATE, ELA \u00c9 PERFEITA PARA SEU SORVETE, MILKSHAKE E SOBREMESAS.<\/p>\n<p>SE QUISER CONSUMIR QUENTE, \u00c9 S\u00d3 AQUECER EM BANHO-MARIA AT\u00c9 QUE FIQUE MAIS FLUIDA E EST\u00c1 PRONTO! UMA COBERTURA QUE VAI BEM COM SOBREMESAS QUENTES E FRIAS.<br \/>\nN\u00c3O TEM COMO N\u00c3O AMAR!<\/p>\n","protected":false},"excerpt":{"rendered":"<div class=\"woocommerce-product-details__short-description\">\n<p>Sabe aquele Sorvete Sundae que voc\u00ea mais gosta ?<br \/>\nEnt\u00e3o, est\u00e1 aqui o segredo dele, a Cobertura de Chocolate da Di Caramella!!!<br \/>\nUma receita RICA EM LEITE e CACAU 100% , a verdadeira COBERTURA DE CHOCOLATE.<\/p>\n<p>Embalagens Dispon\u00edveis:<br \/>\n&#8211; Balde com 4,2kg<br \/>\n&#8211; Pote com 1,2kg<br \/>\n(vendas e pre\u00e7os apenas caixa fechada com 4 potes ou 4 baldes)<\/p>\n<\/div>\n","protected":false},"featured_media":4348,"template":"","meta":{"jetpack_publicize_message":"","jetpack_is_tweetstorm":false,"jetpack_publicize_feature_enabled":true},"product_cat":[76],"product_tag":[],"class_list":{"0":"post-3144","1":"product","2":"type-product","3":"status-publish","4":"has-post-thumbnail","6":"product_cat-calda-e-cobertura-sobremesas-e-shakes","8":"first","9":"instock","10":"shipping-taxable","11":"purchasable","12":"product-type-variable","13":"has-default-attributes"},"jetpack_publicize_connections":[],"_links":{"self":[{"href":"http:\/\/dicaramella.com.br\/index.php\/wp-json\/wp\/v2\/product\/3144","targetHints":{"allow":["GET"]}}],"collection":[{"href":"http:\/\/dicaramella.com.br\/index.php\/wp-json\/wp\/v2\/product"}],"about":[{"href":"http:\/\/dicaramella.com.br\/index.php\/wp-json\/wp\/v2\/types\/product"}],"wp:featuredmedia":[{"embeddable":true,"href":"http:\/\/dicaramella.com.br\/index.php\/wp-json\/wp\/v2\/media\/4348"}],"wp:attachment":[{"href":"http:\/\/dicaramella.com.br\/index.php\/wp-json\/wp\/v2\/media?parent=3144"}],"wp:term":[{"taxonomy":"product_cat","embeddable":true,"href":"http:\/\/dicaramella.com.br\/index.php\/wp-json\/wp\/v2\/product_cat?post=3144"},{"taxonomy":"product_tag","embeddable":true,"href":"http:\/\/dicaramella.com.br\/index.php\/wp-json\/wp\/v2\/product_tag?post=3144"}],"curies":[{"name":"wp","href":"https:\/\/api.w.org\/{rel}","templated":true}]}}