{"id":3066,"date":"2019-11-28T01:56:11","date_gmt":"2019-11-28T04:56:11","guid":{"rendered":"http:\/\/dicaramella.com.br\/nova-loja\/?post_type=product&#038;p=3066"},"modified":"2025-10-10T18:04:59","modified_gmt":"2025-10-10T21:04:59","slug":"recheio-e-cobertura-morango","status":"publish","type":"product","link":"http:\/\/dicaramella.com.br\/index.php\/produto\/recheio-e-cobertura-morango\/","title":{"rendered":"Recheio e Cobertura Morango"},"content":{"rendered":"<p>O Recheio e Cobertura da Di Caramella \u00e9 um produto vers\u00e1til \u00e1 base de frutas e com peda\u00e7os, pode ser utilizado em diversas aplica\u00e7\u00f5es na panifica\u00e7\u00e3o, sorveteria e sobremesas em geral.<\/p>\n<p>Todo processo de fabrica\u00e7\u00e3o e o visual do produto \u00e9 similar \u00e0 uma gel\u00e9ia de frutas com peda\u00e7os, logo, segue outra apresenta\u00e7\u00e3o de viscosidade e cremosidade para ser aplicado como recheios e coberturas.<\/p>\n<p>A presen\u00e7a em grande propor\u00e7\u00e3o das frutas, fazem com que o produto tenha um sabor natural e um visual apetitoso, valorizando ainda mais a sua sobremesa.<\/p>\n<p>O produto n\u00e3o tem caracter\u00edsticas de um sabor doce, e sim, um sabor equilibrado e &#8220;azedinho&#8221; natural das frutas e sabores.<\/p>\n<p><span style=\"font-size: 8pt;\"><em>(Conhe\u00e7a tamb\u00e9m a vers\u00e3o ZERO A\u00c7\u00daCAR desta linha de produto. Basta clicar no menu &#8220;produtos&#8221; e depois em &#8220;Recheio e Cobertura ZERO&#8221;)<\/em><\/span><\/p>\n<p><strong>Outras informa\u00e7\u00f5es relevantes do produto:<\/strong><\/p>\n<p><strong><em>Embalagens:<br \/>\n<\/em><\/strong><br \/>\n<span style=\"font-size: 9pt;\"><em><span style=\"text-decoration: underline;\"><strong>* Pote de 400g<\/strong><\/span><strong>:<\/strong><\/em> Ideal para quem utiliza pouco e que deseja fazer uma sobremesa pontual, onde ir\u00e1 consumir todo conte\u00fado da embalagem e sem desperd\u00edcio. Ou para consumo em caf\u00e9 da manh\u00e3, em p\u00e3es e torradas, no dia a dia de sua casa.<\/span><\/p>\n<p><span style=\"font-size: 9pt;\"><span style=\"text-decoration: underline;\"><em><strong>* Pote de 1,2kg: <\/strong><\/em><\/span>Muito utilizado por profissionais que possuem maior consumo em seu estabelecimento, pois \u00e9 f\u00e1cil armazenar, possui um custo mais competitivo, tem uma quantidade perfeita na embalagem para um consumo r\u00e1pido de todo conte\u00fado, se tornando uma embalagem com zero desperd\u00edcio em seu dia a dia.<br \/>\nIdeal para consumir em fam\u00edlia, para cobrir um sorvete ou utilizar em uma sobremesa bem caprichada.\u00a0<\/span><\/p>\n<p><span style=\"font-size: 9pt;\"><span style=\"text-decoration: underline;\"><em><strong>* Balde 4,2kg:<\/strong><\/em><\/span> Ideal para quem possui grandes volumes, uma embalagem profissional para quem tem espa\u00e7o para armazenar e com o melhor custo beneficio.\u00a0<\/span><\/p>\n<p><span style=\"font-size: 9pt;\"><strong>Validade:<\/strong> 12 meses<\/span><br \/>\n<em><span style=\"font-size: 9pt;\">Ap\u00f3s aberto consumir em at\u00e9 30 dias.<\/span><\/em><\/p>\n<p><span style=\"text-decoration: underline;\">O Recheio e Cobertura da Di Caramella \u00e9 vers\u00e1til:<\/span><br \/>\n<span style=\"font-size: 9pt;\">* <em><strong>Ele \u00e9 recheio<\/strong><\/em> pois podemos aplicar os produtos em recheios de bombons, ovos de p\u00e1scoa, panetones, bolos, donuts e entre outros diversos tipos de sobremesas.<\/span><br \/>\n<span style=\"font-size: 9pt;\">*<em><strong> Ele \u00e9 cobertura<\/strong><\/em> pois podemos cobrir sorvetes, a\u00e7a\u00ed, fazer milk shake, cobrir uma torta, mesclar em uma massa de gelato artesanal e muito mais.<\/span><\/p>\n<p>Um produto similar \u00e0 uma geleia em sua apresenta\u00e7\u00e3o visual, mas com peda\u00e7os de frutas e com uma viscosidade com um leve escorrimento, ajudando nas diversas aplica\u00e7\u00f5es que poder\u00e1 criar, al\u00e9m do sabor delicioso que essa linha<strong> PREMIUM<\/strong> da Di Caramella possui.<\/p>\n<p>Se voc\u00ea ficou at\u00e9 aqui e ainda est\u00e1 com d\u00favidas do produto, ou se voc\u00ea \u00e9 um revendedor e deseja condi\u00e7\u00f5es especiais de nossa linha, entre em contato via whatsapp, nosso time de vendas est\u00e1 pronto para lhe atender: (11)91450-6753<\/p>\n","protected":false},"excerpt":{"rendered":"<ul>\n<li><span style=\"font-size: 9pt;\">PRODUTO <strong>PREMIUM <\/strong><\/span><span style=\"font-size: 9pt;\">COM FRUTA DE VERDADE;<\/span><\/li>\n<li><span style=\"font-size: 9pt;\">COM PEDA\u00c7OS;<\/span><\/li>\n<li><span style=\"font-size: 9pt;\">PERFEITO PARA PANIFICA\u00c7\u00c3O, CONFEITARIA, SORVETERIA e HOTELARIA;<\/span><\/li>\n<li><span style=\"font-size: 9pt;\">\u00d3TIMO PARA MILK SHAKE;<\/span><\/li>\n<li><span style=\"font-size: 9pt;\">SUAS SOBREMESAS NAO SER\u00c3O MAIS AS MESMAS DEPOIS DE UTILIZAR OS PRODUTOS DI CARAMELLA.<\/span><\/li>\n<li><span style=\"font-size: 9pt;\">SELECIONE ABAIXO A EMBALAGEM QUE DESEJA (pote 400g \/ pote 1,2kg \/ balde 4,2kg) E BOAS COMPRAS;<\/span><\/li>\n<li><span style=\"font-size: 9pt;\">TEM D\u00daVIDAS DO PRODUTO? LEIA A DESCRI\u00c7\u00c3O ABAIXO E CONHE\u00c7A MAIS SOBRE ESSA LINHA PREMIUM DA DI CARAMELLA<\/span><\/li>\n<\/ul>\n","protected":false},"featured_media":4199,"template":"","meta":{"jetpack_publicize_message":"","jetpack_is_tweetstorm":false,"jetpack_publicize_feature_enabled":true},"product_cat":[70],"product_tag":[],"class_list":{"0":"post-3066","1":"product","2":"type-product","3":"status-publish","4":"has-post-thumbnail","6":"product_cat-recheio-e-cobertura","8":"first","9":"instock","10":"shipping-taxable","11":"purchasable","12":"product-type-variable","13":"has-default-attributes"},"jetpack_publicize_connections":[],"_links":{"self":[{"href":"http:\/\/dicaramella.com.br\/index.php\/wp-json\/wp\/v2\/product\/3066","targetHints":{"allow":["GET"]}}],"collection":[{"href":"http:\/\/dicaramella.com.br\/index.php\/wp-json\/wp\/v2\/product"}],"about":[{"href":"http:\/\/dicaramella.com.br\/index.php\/wp-json\/wp\/v2\/types\/product"}],"wp:featuredmedia":[{"embeddable":true,"href":"http:\/\/dicaramella.com.br\/index.php\/wp-json\/wp\/v2\/media\/4199"}],"wp:attachment":[{"href":"http:\/\/dicaramella.com.br\/index.php\/wp-json\/wp\/v2\/media?parent=3066"}],"wp:term":[{"taxonomy":"product_cat","embeddable":true,"href":"http:\/\/dicaramella.com.br\/index.php\/wp-json\/wp\/v2\/product_cat?post=3066"},{"taxonomy":"product_tag","embeddable":true,"href":"http:\/\/dicaramella.com.br\/index.php\/wp-json\/wp\/v2\/product_tag?post=3066"}],"curies":[{"name":"wp","href":"https:\/\/api.w.org\/{rel}","templated":true}]}}