{"id":494,"date":"2017-01-10T21:29:23","date_gmt":"2017-01-10T21:29:23","guid":{"rendered":"http:\/\/import.getbowtied.com\/shopkeeper-replica\/?page_id=494"},"modified":"2026-03-11T10:45:59","modified_gmt":"2026-03-11T13:45:59","slug":"sob-medida","status":"publish","type":"page","link":"http:\/\/dicaramella.com.br\/index.php\/pages\/sob-medida\/","title":{"rendered":"Sob Medida"},"content":{"rendered":"<p>[vc_row css=&#8221;.vc_custom_1484857881273{margin-bottom: 75px !important;}&#8221;][vc_column width=&#8221;1\/2&#8243; css=&#8221;.vc_custom_1484858873368{padding-right: 33% !important;}&#8221;][vc_column_text]<\/p>\n<h2>Quer produtos na sua medida?<\/h2>\n<p>[\/vc_column_text][vc_column_text]Conhe\u00e7a nossa apresenta\u00e7\u00e3o completa para IND\u00daSTRIAS E FOOD SERVICE:<br \/>\n<a href=\"https:\/\/drive.google.com\/file\/d\/1Mpx4xMRsArLOuGg0FfjicVNE9TdPfH6R\/view?usp=sharing\">Clique aqui e baixe toda nossa apresenta\u00e7\u00e3o.<\/a><\/p>\n<p>Entre em contato que vamos analisar a melhor op\u00e7\u00e3o para seu neg\u00f3cio.<\/p>\n<p>Envie um e-mail para <a href=\"vendas@dicaramella.com.br\">vendas@dicaramella.com.br<\/a>[\/vc_column_text][\/vc_column][vc_column width=&#8221;1\/2&#8243;][vc_column_text]<\/p>\n<h2>Contato<\/h2>\n<p>[\/vc_column_text][vc_column_text]<\/p>\n<h5>Aguas da Prata \/ SP<\/h5>\n<p>Rua Cec\u00edlia M. Grings, 95 \u2013 Recanto do Paiol<br \/>\ndicaramella@dicaramella.com.br<\/p>\n<p class=\"p1\"><span class=\"s1\">(11<\/span><span class=\"s1\">) 91450-6753<\/span><\/p>\n<p>[\/vc_column_text][\/vc_column][\/vc_row]<\/p>\n","protected":false},"excerpt":{"rendered":"<p>[vc_row css=&#8221;.vc_custom_1484857881273{margin-bottom: 75px !important;}&#8221;][vc_column width=&#8221;1\/2&#8243; css=&#8221;.vc_custom_1484858873368{padding-right: 33% !important;}&#8221;][vc_column_text] Quer produtos na sua medida? [\/vc_column_text][vc_column_text]Conhe\u00e7a nossa apresenta\u00e7\u00e3o completa para IND\u00daSTRIAS E FOOD SERVICE: Clique aqui e baixe toda nossa apresenta\u00e7\u00e3o. Entre em contato que vamos analisar a melhor op\u00e7\u00e3o para seu neg\u00f3cio. Envie um e-mail para vendas@dicaramella.com.br[\/vc_column_text][\/vc_column][vc_column width=&#8221;1\/2&#8243;][vc_column_text] Contato [\/vc_column_text][vc_column_text] Aguas da Prata \/ SP Rua [&hellip;]<\/p>\n","protected":false},"author":1,"featured_media":0,"parent":403,"menu_order":0,"comment_status":"closed","ping_status":"closed","template":"page-boxed.php","meta":{"footnotes":""},"class_list":["post-494","page","type-page","status-publish","hentry"],"_links":{"self":[{"href":"http:\/\/dicaramella.com.br\/index.php\/wp-json\/wp\/v2\/pages\/494","targetHints":{"allow":["GET"]}}],"collection":[{"href":"http:\/\/dicaramella.com.br\/index.php\/wp-json\/wp\/v2\/pages"}],"about":[{"href":"http:\/\/dicaramella.com.br\/index.php\/wp-json\/wp\/v2\/types\/page"}],"author":[{"embeddable":true,"href":"http:\/\/dicaramella.com.br\/index.php\/wp-json\/wp\/v2\/users\/1"}],"replies":[{"embeddable":true,"href":"http:\/\/dicaramella.com.br\/index.php\/wp-json\/wp\/v2\/comments?post=494"}],"version-history":[{"count":72,"href":"http:\/\/dicaramella.com.br\/index.php\/wp-json\/wp\/v2\/pages\/494\/revisions"}],"predecessor-version":[{"id":4465,"href":"http:\/\/dicaramella.com.br\/index.php\/wp-json\/wp\/v2\/pages\/494\/revisions\/4465"}],"up":[{"embeddable":true,"href":"http:\/\/dicaramella.com.br\/index.php\/wp-json\/wp\/v2\/pages\/403"}],"wp:attachment":[{"href":"http:\/\/dicaramella.com.br\/index.php\/wp-json\/wp\/v2\/media?parent=494"}],"curies":[{"name":"wp","href":"https:\/\/api.w.org\/{rel}","templated":true}]}}